{"id":24495,"date":"2024-06-18T17:05:06","date_gmt":"2024-06-18T15:05:06","guid":{"rendered":"https:\/\/airmec.it\/articolo\/aerografo-per-verniciatura-con-serbatoio-inferiore-foro-ugello-o-mm-15-art-1202foro-ugello-o-mm-18-art-1204\/"},"modified":"2024-06-18T17:05:06","modified_gmt":"2024-06-18T15:05:06","slug":"aerografo-per-verniciatura-con-serbatoio-inferiore-foro-ugello-o-mm-15-art-1202foro-ugello-o-mm-18-art-1204","status":"publish","type":"product","link":"https:\/\/airmec.it\/en\/articolo\/aerografo-per-verniciatura-con-serbatoio-inferiore-foro-ugello-o-mm-15-art-1202foro-ugello-o-mm-18-art-1204\/","title":{"rendered":"Aerografo per verniciatura con serbatoio inferiore.Foro ugello \u00d8 mm 1,5 (art.1202)Foro ugello \u00d8 mm 1,8 (art.1204)"},"content":{"rendered":"","protected":false},"excerpt":{"rendered":"<p>Cup gun for painting with lower tank.Nozzle \u00d8 1,5 mm (art.1202)Nozzle \u00d8 1,8 mm (art.1204)<br \/>Art. 1202 &#8211; 1 kgArt. 1204 &#8211; 1 kg<\/p>\n","protected":false},"featured_media":24109,"template":"","meta":{"_acf_changed":false},"product_brand":[],"product_cat":[2132,2136],"product_tag":[],"class_list":{"0":"post-24495","1":"product","2":"type-product","3":"status-publish","4":"has-post-thumbnail","6":"product_cat-heads","7":"product_cat-testate-accessori-en","9":"first","10":"instock","11":"product-type-simple"},"acf":[],"yoast_head":"<!-- This site is optimized with the Yoast SEO plugin v27.0 - https:\/\/yoast.com\/product\/yoast-seo-wordpress\/ -->\n<title>Aerografo per verniciatura con serbatoio inferiore.Foro ugello \u00d8 mm 1,5 (art.1202)Foro ugello \u00d8 mm 1,8 (art.1204) - Airmec<\/title>\n<meta name=\"robots\" content=\"index, follow, max-snippet:-1, max-image-preview:large, max-video-preview:-1\" \/>\n<link rel=\"canonical\" href=\"https:\/\/airmec.it\/en\/articolo\/aerografo-per-verniciatura-con-serbatoio-inferiore-foro-ugello-o-mm-15-art-1202foro-ugello-o-mm-18-art-1204\/\" \/>\n<meta property=\"og:locale\" content=\"en_US\" \/>\n<meta property=\"og:type\" content=\"article\" \/>\n<meta property=\"og:title\" content=\"Aerografo per verniciatura con serbatoio inferiore.Foro ugello \u00d8 mm 1,5 (art.1202)Foro ugello \u00d8 mm 1,8 (art.1204) - Airmec\" \/>\n<meta property=\"og:description\" content=\"Cup gun for painting with lower tank.Nozzle \u00d8 1,5 mm (art.1202)Nozzle \u00d8 1,8 mm (art.1204)Art. 1202 - 1 kgArt. 1204 - 1 kg\" \/>\n<meta property=\"og:url\" content=\"https:\/\/airmec.it\/en\/articolo\/aerografo-per-verniciatura-con-serbatoio-inferiore-foro-ugello-o-mm-15-art-1202foro-ugello-o-mm-18-art-1204\/\" \/>\n<meta property=\"og:site_name\" content=\"Airmec\" \/>\n<meta property=\"og:image\" content=\"https:\/\/airmec.it\/wp-content\/uploads\/P2111108.jpg\" \/>\n\t<meta property=\"og:image:width\" content=\"1200\" \/>\n\t<meta property=\"og:image:height\" content=\"1200\" \/>\n\t<meta property=\"og:image:type\" content=\"image\/jpeg\" \/>\n<meta name=\"twitter:card\" content=\"summary_large_image\" \/>\n<script type=\"application\/ld+json\" class=\"yoast-schema-graph\">{\"@context\":\"https:\/\/schema.org\",\"@graph\":[{\"@type\":\"WebPage\",\"@id\":\"https:\/\/airmec.it\/en\/articolo\/aerografo-per-verniciatura-con-serbatoio-inferiore-foro-ugello-o-mm-15-art-1202foro-ugello-o-mm-18-art-1204\/\",\"url\":\"https:\/\/airmec.it\/en\/articolo\/aerografo-per-verniciatura-con-serbatoio-inferiore-foro-ugello-o-mm-15-art-1202foro-ugello-o-mm-18-art-1204\/\",\"name\":\"Aerografo per verniciatura con serbatoio inferiore.Foro ugello \u00d8 mm 1,5 (art.1202)Foro ugello \u00d8 mm 1,8 (art.1204) - Airmec\",\"isPartOf\":{\"@id\":\"https:\/\/airmec.it\/en\/#website\"},\"primaryImageOfPage\":{\"@id\":\"https:\/\/airmec.it\/en\/articolo\/aerografo-per-verniciatura-con-serbatoio-inferiore-foro-ugello-o-mm-15-art-1202foro-ugello-o-mm-18-art-1204\/#primaryimage\"},\"image\":{\"@id\":\"https:\/\/airmec.it\/en\/articolo\/aerografo-per-verniciatura-con-serbatoio-inferiore-foro-ugello-o-mm-15-art-1202foro-ugello-o-mm-18-art-1204\/#primaryimage\"},\"thumbnailUrl\":\"https:\/\/airmec.it\/wp-content\/uploads\/P2111108.jpg\",\"datePublished\":\"2024-06-18T15:05:06+00:00\",\"breadcrumb\":{\"@id\":\"https:\/\/airmec.it\/en\/articolo\/aerografo-per-verniciatura-con-serbatoio-inferiore-foro-ugello-o-mm-15-art-1202foro-ugello-o-mm-18-art-1204\/#breadcrumb\"},\"inLanguage\":\"en-US\",\"potentialAction\":[{\"@type\":\"ReadAction\",\"target\":[\"https:\/\/airmec.it\/en\/articolo\/aerografo-per-verniciatura-con-serbatoio-inferiore-foro-ugello-o-mm-15-art-1202foro-ugello-o-mm-18-art-1204\/\"]}]},{\"@type\":\"ImageObject\",\"inLanguage\":\"en-US\",\"@id\":\"https:\/\/airmec.it\/en\/articolo\/aerografo-per-verniciatura-con-serbatoio-inferiore-foro-ugello-o-mm-15-art-1202foro-ugello-o-mm-18-art-1204\/#primaryimage\",\"url\":\"https:\/\/airmec.it\/wp-content\/uploads\/P2111108.jpg\",\"contentUrl\":\"https:\/\/airmec.it\/wp-content\/uploads\/P2111108.jpg\",\"width\":1200,\"height\":1200},{\"@type\":\"BreadcrumbList\",\"@id\":\"https:\/\/airmec.it\/en\/articolo\/aerografo-per-verniciatura-con-serbatoio-inferiore-foro-ugello-o-mm-15-art-1202foro-ugello-o-mm-18-art-1204\/#breadcrumb\",\"itemListElement\":[{\"@type\":\"ListItem\",\"position\":1,\"name\":\"Home\",\"item\":\"https:\/\/airmec.it\/en\/\"},{\"@type\":\"ListItem\",\"position\":2,\"name\":\"Products\",\"item\":\"https:\/\/airmec.it\/en\/products\/\"},{\"@type\":\"ListItem\",\"position\":3,\"name\":\"Aerografo per verniciatura con serbatoio inferiore.Foro ugello \u00d8 mm 1,5 (art.1202)Foro ugello \u00d8 mm 1,8 (art.1204)\"}]},{\"@type\":\"WebSite\",\"@id\":\"https:\/\/airmec.it\/en\/#website\",\"url\":\"https:\/\/airmec.it\/en\/\",\"name\":\"Airmec - Air Compressor\",\"description\":\"Air Compressor\",\"publisher\":{\"@id\":\"https:\/\/airmec.it\/en\/#organization\"},\"potentialAction\":[{\"@type\":\"SearchAction\",\"target\":{\"@type\":\"EntryPoint\",\"urlTemplate\":\"https:\/\/airmec.it\/en\/?s={search_term_string}\"},\"query-input\":{\"@type\":\"PropertyValueSpecification\",\"valueRequired\":true,\"valueName\":\"search_term_string\"}}],\"inLanguage\":\"en-US\"},{\"@type\":\"Organization\",\"@id\":\"https:\/\/airmec.it\/en\/#organization\",\"name\":\"Airmec\",\"url\":\"https:\/\/airmec.it\/en\/\",\"logo\":{\"@type\":\"ImageObject\",\"inLanguage\":\"en-US\",\"@id\":\"https:\/\/airmec.it\/en\/#\/schema\/logo\/image\/\",\"url\":\"https:\/\/airmec.it\/wp-content\/uploads\/logo-airmec.webp\",\"contentUrl\":\"https:\/\/airmec.it\/wp-content\/uploads\/logo-airmec.webp\",\"width\":1178,\"height\":339,\"caption\":\"Airmec\"},\"image\":{\"@id\":\"https:\/\/airmec.it\/en\/#\/schema\/logo\/image\/\"},\"sameAs\":[\"https:\/\/www.linkedin.com\/company\/speroni\/\",\"https:\/\/www.instagram.com\/speroni_water_pumps\/\"]}]}<\/script>\n<!-- \/ Yoast SEO plugin. -->","yoast_head_json":{"title":"Aerografo per verniciatura con serbatoio inferiore.Foro ugello \u00d8 mm 1,5 (art.1202)Foro ugello \u00d8 mm 1,8 (art.1204) - Airmec","robots":{"index":"index","follow":"follow","max-snippet":"max-snippet:-1","max-image-preview":"max-image-preview:large","max-video-preview":"max-video-preview:-1"},"canonical":"https:\/\/airmec.it\/en\/articolo\/aerografo-per-verniciatura-con-serbatoio-inferiore-foro-ugello-o-mm-15-art-1202foro-ugello-o-mm-18-art-1204\/","og_locale":"en_US","og_type":"article","og_title":"Aerografo per verniciatura con serbatoio inferiore.Foro ugello \u00d8 mm 1,5 (art.1202)Foro ugello \u00d8 mm 1,8 (art.1204) - Airmec","og_description":"Cup gun for painting with lower tank.Nozzle \u00d8 1,5 mm (art.1202)Nozzle \u00d8 1,8 mm (art.1204)Art. 1202 - 1 kgArt. 1204 - 1 kg","og_url":"https:\/\/airmec.it\/en\/articolo\/aerografo-per-verniciatura-con-serbatoio-inferiore-foro-ugello-o-mm-15-art-1202foro-ugello-o-mm-18-art-1204\/","og_site_name":"Airmec","og_image":[{"width":1200,"height":1200,"url":"https:\/\/airmec.it\/wp-content\/uploads\/P2111108.jpg","type":"image\/jpeg"}],"twitter_card":"summary_large_image","schema":{"@context":"https:\/\/schema.org","@graph":[{"@type":"WebPage","@id":"https:\/\/airmec.it\/en\/articolo\/aerografo-per-verniciatura-con-serbatoio-inferiore-foro-ugello-o-mm-15-art-1202foro-ugello-o-mm-18-art-1204\/","url":"https:\/\/airmec.it\/en\/articolo\/aerografo-per-verniciatura-con-serbatoio-inferiore-foro-ugello-o-mm-15-art-1202foro-ugello-o-mm-18-art-1204\/","name":"Aerografo per verniciatura con serbatoio inferiore.Foro ugello \u00d8 mm 1,5 (art.1202)Foro ugello \u00d8 mm 1,8 (art.1204) - Airmec","isPartOf":{"@id":"https:\/\/airmec.it\/en\/#website"},"primaryImageOfPage":{"@id":"https:\/\/airmec.it\/en\/articolo\/aerografo-per-verniciatura-con-serbatoio-inferiore-foro-ugello-o-mm-15-art-1202foro-ugello-o-mm-18-art-1204\/#primaryimage"},"image":{"@id":"https:\/\/airmec.it\/en\/articolo\/aerografo-per-verniciatura-con-serbatoio-inferiore-foro-ugello-o-mm-15-art-1202foro-ugello-o-mm-18-art-1204\/#primaryimage"},"thumbnailUrl":"https:\/\/airmec.it\/wp-content\/uploads\/P2111108.jpg","datePublished":"2024-06-18T15:05:06+00:00","breadcrumb":{"@id":"https:\/\/airmec.it\/en\/articolo\/aerografo-per-verniciatura-con-serbatoio-inferiore-foro-ugello-o-mm-15-art-1202foro-ugello-o-mm-18-art-1204\/#breadcrumb"},"inLanguage":"en-US","potentialAction":[{"@type":"ReadAction","target":["https:\/\/airmec.it\/en\/articolo\/aerografo-per-verniciatura-con-serbatoio-inferiore-foro-ugello-o-mm-15-art-1202foro-ugello-o-mm-18-art-1204\/"]}]},{"@type":"ImageObject","inLanguage":"en-US","@id":"https:\/\/airmec.it\/en\/articolo\/aerografo-per-verniciatura-con-serbatoio-inferiore-foro-ugello-o-mm-15-art-1202foro-ugello-o-mm-18-art-1204\/#primaryimage","url":"https:\/\/airmec.it\/wp-content\/uploads\/P2111108.jpg","contentUrl":"https:\/\/airmec.it\/wp-content\/uploads\/P2111108.jpg","width":1200,"height":1200},{"@type":"BreadcrumbList","@id":"https:\/\/airmec.it\/en\/articolo\/aerografo-per-verniciatura-con-serbatoio-inferiore-foro-ugello-o-mm-15-art-1202foro-ugello-o-mm-18-art-1204\/#breadcrumb","itemListElement":[{"@type":"ListItem","position":1,"name":"Home","item":"https:\/\/airmec.it\/en\/"},{"@type":"ListItem","position":2,"name":"Products","item":"https:\/\/airmec.it\/en\/products\/"},{"@type":"ListItem","position":3,"name":"Aerografo per verniciatura con serbatoio inferiore.Foro ugello \u00d8 mm 1,5 (art.1202)Foro ugello \u00d8 mm 1,8 (art.1204)"}]},{"@type":"WebSite","@id":"https:\/\/airmec.it\/en\/#website","url":"https:\/\/airmec.it\/en\/","name":"Airmec - Air Compressor","description":"Air Compressor","publisher":{"@id":"https:\/\/airmec.it\/en\/#organization"},"potentialAction":[{"@type":"SearchAction","target":{"@type":"EntryPoint","urlTemplate":"https:\/\/airmec.it\/en\/?s={search_term_string}"},"query-input":{"@type":"PropertyValueSpecification","valueRequired":true,"valueName":"search_term_string"}}],"inLanguage":"en-US"},{"@type":"Organization","@id":"https:\/\/airmec.it\/en\/#organization","name":"Airmec","url":"https:\/\/airmec.it\/en\/","logo":{"@type":"ImageObject","inLanguage":"en-US","@id":"https:\/\/airmec.it\/en\/#\/schema\/logo\/image\/","url":"https:\/\/airmec.it\/wp-content\/uploads\/logo-airmec.webp","contentUrl":"https:\/\/airmec.it\/wp-content\/uploads\/logo-airmec.webp","width":1178,"height":339,"caption":"Airmec"},"image":{"@id":"https:\/\/airmec.it\/en\/#\/schema\/logo\/image\/"},"sameAs":["https:\/\/www.linkedin.com\/company\/speroni\/","https:\/\/www.instagram.com\/speroni_water_pumps\/"]}]}},"_links":{"self":[{"href":"https:\/\/airmec.it\/en\/wp-json\/wp\/v2\/product\/24495","targetHints":{"allow":["GET"]}}],"collection":[{"href":"https:\/\/airmec.it\/en\/wp-json\/wp\/v2\/product"}],"about":[{"href":"https:\/\/airmec.it\/en\/wp-json\/wp\/v2\/types\/product"}],"wp:featuredmedia":[{"embeddable":true,"href":"https:\/\/airmec.it\/en\/wp-json\/wp\/v2\/media\/24109"}],"wp:attachment":[{"href":"https:\/\/airmec.it\/en\/wp-json\/wp\/v2\/media?parent=24495"}],"wp:term":[{"taxonomy":"product_brand","embeddable":true,"href":"https:\/\/airmec.it\/en\/wp-json\/wp\/v2\/product_brand?post=24495"},{"taxonomy":"product_cat","embeddable":true,"href":"https:\/\/airmec.it\/en\/wp-json\/wp\/v2\/product_cat?post=24495"},{"taxonomy":"product_tag","embeddable":true,"href":"https:\/\/airmec.it\/en\/wp-json\/wp\/v2\/product_tag?post=24495"}],"curies":[{"name":"wp","href":"https:\/\/api.w.org\/{rel}","templated":true}]}}